{"id":15946,"date":"2026-04-12T11:40:05","date_gmt":"2026-04-12T09:40:05","guid":{"rendered":"https:\/\/www.stracinisello.it\/nuovo\/?page_id=15946"},"modified":"2026-04-12T11:45:57","modified_gmt":"2026-04-12T09:45:57","slug":"chi-siamo","status":"publish","type":"page","link":"http:\/\/www.stracinisello.it\/nuovo\/?page_id=15946","title":{"rendered":"Chi siamo"},"content":{"rendered":"\n<p>Siamo un gruppo amatoriale che pratica movimento fisico all&#8217;aperto. La nostra attivit\u00e0 ludico-motoria piuttosto che la prestazione atletica \u00e8 finalizzata al benessere fisico, il divertimento nonch\u00e9 la socializzazione. Il piacere di stare insieme lo associamo al piacere del movimento.<\/p>\n\n\n\n<a href=\"http:\/\/www.stracinisello.it\/nuovo\/wp-content\/uploads\/2025\/12\/Calendario-Gennaio-Aprile-2026.pdf\" class=\"pdfemb-viewer\" style=\"\" data-width=\"max\" data-height=\"max\"  data-toolbar=\"bottom\" data-toolbar-fixed=\"off\">Calendario-Gennaio-Aprile-2026<br\/><\/a>\n<p class=\"wp-block-pdfemb-pdf-embedder-viewer\"><\/p>\n\n\n\n<p><\/p>\n","protected":false},"excerpt":{"rendered":"<p>Siamo un gruppo amatoriale che pratica movimento fisico all&#8217;aperto. La nostra attivit\u00e0 ludico-motoria piuttosto che la prestazione atletica \u00e8 finalizzata al benessere fisico, il divertimento nonch\u00e9 la socializzazione. Il piacere di stare insieme lo associamo al piacere del movimento.<\/p>\n","protected":false},"author":1,"featured_media":0,"parent":0,"menu_order":0,"comment_status":"closed","ping_status":"closed","template":"","meta":{"advgb_blocks_editor_width":"","advgb_blocks_columns_visual_guide":"","footnotes":""},"class_list":["post-15946","page","type-page","status-publish","hentry"],"coauthors":[],"author_meta":{"author_link":"http:\/\/www.stracinisello.it\/nuovo\/?author=1","display_name":"stracinisello"},"relative_dates":{"created":"Pubblicato 2 settimane fa","modified":"Aggiornato 2 settimane fa"},"absolute_dates":{"created":"Pubblicato il Aprile 12, 2026","modified":"Aggiornato il Aprile 12, 2026"},"absolute_dates_time":{"created":"Pubblicato il Aprile 12, 2026 11:40 am","modified":"Aggiornato il Aprile 12, 2026 11:45 am"},"featured_img_caption":"","featured_img":false,"series_order":"","_links":{"self":[{"href":"http:\/\/www.stracinisello.it\/nuovo\/index.php?rest_route=\/wp\/v2\/pages\/15946","targetHints":{"allow":["GET"]}}],"collection":[{"href":"http:\/\/www.stracinisello.it\/nuovo\/index.php?rest_route=\/wp\/v2\/pages"}],"about":[{"href":"http:\/\/www.stracinisello.it\/nuovo\/index.php?rest_route=\/wp\/v2\/types\/page"}],"author":[{"embeddable":true,"href":"http:\/\/www.stracinisello.it\/nuovo\/index.php?rest_route=\/wp\/v2\/users\/1"}],"replies":[{"embeddable":true,"href":"http:\/\/www.stracinisello.it\/nuovo\/index.php?rest_route=%2Fwp%2Fv2%2Fcomments&post=15946"}],"version-history":[{"count":3,"href":"http:\/\/www.stracinisello.it\/nuovo\/index.php?rest_route=\/wp\/v2\/pages\/15946\/revisions"}],"predecessor-version":[{"id":15950,"href":"http:\/\/www.stracinisello.it\/nuovo\/index.php?rest_route=\/wp\/v2\/pages\/15946\/revisions\/15950"}],"wp:attachment":[{"href":"http:\/\/www.stracinisello.it\/nuovo\/index.php?rest_route=%2Fwp%2Fv2%2Fmedia&parent=15946"}],"curies":[{"name":"wp","href":"https:\/\/api.w.org\/{rel}","templated":true}]}}