{"id":1684,"date":"2023-02-17T22:03:18","date_gmt":"2023-02-17T21:03:18","guid":{"rendered":"http:\/\/www.stracinisello.it\/nuovo\/?page_id=1684"},"modified":"2023-02-17T22:03:19","modified_gmt":"2023-02-17T21:03:19","slug":"come-scegliere-le-scarpe","status":"publish","type":"page","link":"http:\/\/www.stracinisello.it\/nuovo\/?page_id=1684","title":{"rendered":"Come scegliere le scarpe"},"content":{"rendered":"\n<hr class=\"wp-block-separator has-alpha-channel-opacity\"\/>\n\n\n\n<h2 class=\"wp-block-heading\">Qualche consiglio&#8230;<\/h2>\n\n\n\n<h4 class=\"wp-block-heading\">Come scegliere le scarpe da corsa?<\/h4>\n\n\n\n<p>Correre non \u00e8 sufficiente: la scelta delle scarpe \u00e8 fondamentale. Se si vogliono evitare vesciche, distorsioni e altre lesioni, meglio attrezzarsi con un paio di scarpe adatto ai tuoi piedi. Per questo, offriamo alcuni suggerimenti per aiutarvi nelle vostre scelte.<\/p>\n\n\n\n<p><strong>Prestare attenzione alle scarpe!<\/strong><\/p>\n\n\n\n<h4 class=\"wp-block-heading\">Fai attenzione alle scarpe running<\/h4>\n\n\n\n<p>Quando si corre, il piede scivola in avanti, da qualche millimetro fino ad un centimetro; perci\u00f2 quando si prova un paio di scarpe, assicuratevi che le dita dei piedi non appoggino sul bordo della scarpa&#8230; con il rischio di vesciche e unghie nere! \u00c8 meglio lasciare un centimetro tra le dita e la punta della calzatura. Le scarpe da corsa saranno spesso pi\u00f9 grandi di quelle da citt\u00e0. Durante e dopo l&#8217;esercizio fisico, infatti, il piede si gonfia in modo naturale rendendo spesso necessario avere 1 cm tra la punta del piede e la punta della calzatura.<\/p>\n\n\n\n<h4 class=\"wp-block-heading\">Il tuo peso conta!<\/h4>\n\n\n\n<p>Non si sceglie lo stesso modello di scarpe a seconda se uno pesa 60 o 90 kg.<\/p>\n\n\n\n<p>Se si ha un peso superiore a 80 kg, dare la priorit\u00e0 all&#8217;ammortizzazione, scegliere una intersuola in schiuma e una tecnologia di ammortizzazione supplementare nel tallone e nell&#8217;avampiede.<\/p>\n\n\n\n<h4 class=\"wp-block-heading\">Le scarpe devono essere adattate alla superficie praticata.<\/h4>\n\n\n\n<p>Su strada, scegliere una buona ammortizzazione, in quanto \u00e8 su questo terreno che le scarpe si consumano di pi\u00f9.<\/p>\n\n\n\n<p>Se si corre su sentieri, \u00e8 preferibile un buon mantenimento del piede e una buona suola scolpita, adattata agli ostacoli naturali.<\/p>\n\n\n\n<p>Per la corsa in natura, visto che si corre al di fuori di piste o strade, \u00e8 meglio avere l\u2019equipaggiamento idoneo per questo tipo di terreno per avere pi\u00f9 sicurezza e performance. In natura, le scarpe devono essere resistenti, dare sostegno alla caviglia e offrire una buona aderenza.<\/p>\n\n\n\n<h4 class=\"wp-block-heading\"><em>Running &#8211; allenamento o competizione<\/em><\/h4>\n\n\n\n<p>Sia che siete in allenamento o in competizione, il tuo obiettivo non \u00e8 lo stesso. Il tipo di scarpe che indossate poi differiscono da una pratica all&#8217;altra.<\/p>\n\n\n\n<h4 class=\"wp-block-heading\">Per l&#8217;allenamento<\/h4>\n\n\n\n<p>Per l&#8217;allenamento di corridori occasionali, vi consigliamo scarpe che pesano tra 300 e 400g. Sono efficaci su strade e sentieri e offriranno la stabilit\u00e0, comfort e ammortizzazione.<\/p>\n\n\n\n<h4 class=\"wp-block-heading\">Per la gara<\/h4>\n\n\n\n<p>In gara siamo alla ricerca di maggiori prestazioni pi\u00f9 che il confort. Per fare questo, vi consigliamo una scarpa leggera di peso compreso tra 150 e 280g. Il corridore pi\u00f9 \u00e8 esperto, tanto pi\u00f9 user\u00e0 una scarpa leggera.<\/p>\n\n\n\n<h4 class=\"wp-block-heading\">Quando cambiare le scarpe running<\/h4>\n\n\n\n<p>\u00c8 difficile rendersi conto del livello di usura delle scarpe dato che l&#8217;usura avviene gradualmente. Per vedere questo, si pu\u00f2 guardare pi\u00f9 da vicino la piega dell&#8217;intersuola, o il consumo della massellatura.<\/p>\n\n\n\n<p>Le scarpe pi\u00f9 pesanti con suole pi\u00f9 alte, destinate soprattutto all&#8217;allenamento, vi permetteranno di realizzare tra i 1500 e 2000 km.Le scarpe pi\u00f9 leggere destinate alla gara devono essere rinnovate pi\u00f9 di frequente, tra i 300 e 500 km.<\/p>\n\n\n\n<h4 class=\"wp-block-heading\">Quando scegliere le scarpe running<\/h4>\n\n\n\n<p>\u00c8 preferibile scegliere le scarpe nel pomeriggio verso la fine della giornata. Durante l&#8217;esercizio fisico, i tuoi piedi si gonfiano, e aldil\u00e0 dei 30 a 45 minuti di corsa, il piede tende a collassare. Questo \u00e8 il motivo per il quale vi consigliamo di scegliere le scarpe piuttosto tardi nel corso della giornata.<\/p>\n","protected":false},"excerpt":{"rendered":"<p>Qualche consiglio&#8230; Come scegliere le scarpe da corsa? Correre non \u00e8 sufficiente: la scelta delle scarpe \u00e8 fondamentale. Se si vogliono evitare vesciche, distorsioni e altre lesioni, meglio attrezzarsi con un paio di scarpe adatto ai tuoi piedi. Per questo, offriamo alcuni suggerimenti per aiutarvi nelle vostre scelte. Prestare attenzione alle scarpe! Fai attenzione alle [&hellip;]<\/p>\n","protected":false},"author":1,"featured_media":0,"parent":0,"menu_order":0,"comment_status":"closed","ping_status":"closed","template":"","meta":{"advgb_blocks_editor_width":"","advgb_blocks_columns_visual_guide":"","footnotes":""},"class_list":["post-1684","page","type-page","status-publish","hentry"],"coauthors":[],"author_meta":{"author_link":"http:\/\/www.stracinisello.it\/nuovo\/?author=1","display_name":"stracinisello"},"relative_dates":{"created":"Pubblicato 3 anni fa","modified":"Aggiornato 3 anni fa"},"absolute_dates":{"created":"Pubblicato il Febbraio 17, 2023","modified":"Aggiornato il Febbraio 17, 2023"},"absolute_dates_time":{"created":"Pubblicato il Febbraio 17, 2023 10:03 pm","modified":"Aggiornato il Febbraio 17, 2023 10:03 pm"},"featured_img_caption":"","featured_img":false,"series_order":"","_links":{"self":[{"href":"http:\/\/www.stracinisello.it\/nuovo\/index.php?rest_route=\/wp\/v2\/pages\/1684","targetHints":{"allow":["GET"]}}],"collection":[{"href":"http:\/\/www.stracinisello.it\/nuovo\/index.php?rest_route=\/wp\/v2\/pages"}],"about":[{"href":"http:\/\/www.stracinisello.it\/nuovo\/index.php?rest_route=\/wp\/v2\/types\/page"}],"author":[{"embeddable":true,"href":"http:\/\/www.stracinisello.it\/nuovo\/index.php?rest_route=\/wp\/v2\/users\/1"}],"replies":[{"embeddable":true,"href":"http:\/\/www.stracinisello.it\/nuovo\/index.php?rest_route=%2Fwp%2Fv2%2Fcomments&post=1684"}],"version-history":[{"count":1,"href":"http:\/\/www.stracinisello.it\/nuovo\/index.php?rest_route=\/wp\/v2\/pages\/1684\/revisions"}],"predecessor-version":[{"id":1685,"href":"http:\/\/www.stracinisello.it\/nuovo\/index.php?rest_route=\/wp\/v2\/pages\/1684\/revisions\/1685"}],"wp:attachment":[{"href":"http:\/\/www.stracinisello.it\/nuovo\/index.php?rest_route=%2Fwp%2Fv2%2Fmedia&parent=1684"}],"curies":[{"name":"wp","href":"https:\/\/api.w.org\/{rel}","templated":true}]}}