{"id":1688,"date":"2023-02-17T22:08:45","date_gmt":"2023-02-17T21:08:45","guid":{"rendered":"http:\/\/www.stracinisello.it\/nuovo\/?page_id=1688"},"modified":"2023-02-17T22:08:46","modified_gmt":"2023-02-17T21:08:46","slug":"news","status":"publish","type":"page","link":"http:\/\/www.stracinisello.it\/nuovo\/?page_id=1688","title":{"rendered":"NEWS"},"content":{"rendered":"\n<hr class=\"wp-block-separator has-alpha-channel-opacity\"\/>\n\n\n\n<h2 class=\"wp-block-heading\">COME COMINCIARE A CORRERE: GUIDA E PROGRAMMA<\/h2>\n\n\n\n<h3 class=\"wp-block-heading\">PER CHI NON HA MAI CORSO!<\/h3>\n\n\n\n<p>Volete cominciare a correre ma non lo avete mai fatto in tutta la vostra vita? Che vogliate farlo per dimagrire o per muovervi un po&#8217; ecco la guida per principianti!<\/p>\n\n\n\n<p><a href=\"http:\/\/www.stracinisello.it\/nuovo\/?page_id=1681\" data-type=\"page\" data-id=\"1681\">Leggi l&#8217;articolo&#8230;<\/a><\/p>\n\n\n\n<p><\/p>\n\n\n\n<h3 class=\"wp-block-heading\">LA TUA PRIMA MEZZA MARATONA IN 12 SETTIMANE!<\/h3>\n\n\n\n<p>Correre una mezza maratonain 12 settimane si pu\u00f2. Basta seguire il programma. La mezza \u00e8 una distanza gi\u00e0 importante e un obiettivo che da grande soddisfazione!<\/p>\n\n\n\n<p><a href=\"http:\/\/www.stracinisello.it\/nuovo\/?page_id=1686\" data-type=\"page\" data-id=\"1686\">Leggi l&#8217;articolo&#8230;<\/a><\/p>\n\n\n\n<p><\/p>\n\n\n\n<p class=\"has-medium-font-size\"><strong>COME SCEGLIERE LE SCARPE<\/strong><\/p>\n\n\n\n<p><a href=\"http:\/\/www.stracinisello.it\/nuovo\/?page_id=1684\" data-type=\"page\" data-id=\"1684\">Leggi l&#8217;articolo&#8230;<\/a><\/p>\n","protected":false},"excerpt":{"rendered":"<p>COME COMINCIARE A CORRERE: GUIDA E PROGRAMMA PER CHI NON HA MAI CORSO! Volete cominciare a correre ma non lo avete mai fatto in tutta la vostra vita? Che vogliate farlo per dimagrire o per muovervi un po&#8217; ecco la guida per principianti! Leggi l&#8217;articolo&#8230; LA TUA PRIMA MEZZA MARATONA IN 12 SETTIMANE! Correre una [&hellip;]<\/p>\n","protected":false},"author":1,"featured_media":0,"parent":0,"menu_order":0,"comment_status":"closed","ping_status":"closed","template":"","meta":{"advgb_blocks_editor_width":"","advgb_blocks_columns_visual_guide":"","footnotes":""},"class_list":["post-1688","page","type-page","status-publish","hentry"],"coauthors":[],"author_meta":{"author_link":"http:\/\/www.stracinisello.it\/nuovo\/?author=1","display_name":"stracinisello"},"relative_dates":{"created":"Pubblicato 3 anni fa","modified":"Aggiornato 3 anni fa"},"absolute_dates":{"created":"Pubblicato il Febbraio 17, 2023","modified":"Aggiornato il Febbraio 17, 2023"},"absolute_dates_time":{"created":"Pubblicato il Febbraio 17, 2023 10:08 pm","modified":"Aggiornato il Febbraio 17, 2023 10:08 pm"},"featured_img_caption":"","featured_img":false,"series_order":"","_links":{"self":[{"href":"http:\/\/www.stracinisello.it\/nuovo\/index.php?rest_route=\/wp\/v2\/pages\/1688","targetHints":{"allow":["GET"]}}],"collection":[{"href":"http:\/\/www.stracinisello.it\/nuovo\/index.php?rest_route=\/wp\/v2\/pages"}],"about":[{"href":"http:\/\/www.stracinisello.it\/nuovo\/index.php?rest_route=\/wp\/v2\/types\/page"}],"author":[{"embeddable":true,"href":"http:\/\/www.stracinisello.it\/nuovo\/index.php?rest_route=\/wp\/v2\/users\/1"}],"replies":[{"embeddable":true,"href":"http:\/\/www.stracinisello.it\/nuovo\/index.php?rest_route=%2Fwp%2Fv2%2Fcomments&post=1688"}],"version-history":[{"count":1,"href":"http:\/\/www.stracinisello.it\/nuovo\/index.php?rest_route=\/wp\/v2\/pages\/1688\/revisions"}],"predecessor-version":[{"id":1689,"href":"http:\/\/www.stracinisello.it\/nuovo\/index.php?rest_route=\/wp\/v2\/pages\/1688\/revisions\/1689"}],"wp:attachment":[{"href":"http:\/\/www.stracinisello.it\/nuovo\/index.php?rest_route=%2Fwp%2Fv2%2Fmedia&parent=1688"}],"curies":[{"name":"wp","href":"https:\/\/api.w.org\/{rel}","templated":true}]}}